
{"id":672,"date":"2022-07-05T08:47:01","date_gmt":"2022-07-05T08:47:01","guid":{"rendered":"https:\/\/cancunfoodtours.com\/sobre-nosotros\/"},"modified":"2022-09-27T16:48:34","modified_gmt":"2022-09-27T16:48:34","slug":"sobre-nosotros","status":"publish","type":"page","link":"https:\/\/cancunfoodtours.com\/es\/sobre-nosotros","title":{"rendered":"Sobre nosotros"},"content":{"rendered":"\t\t<div data-elementor-type=\"wp-page\" data-elementor-id=\"672\" class=\"elementor elementor-672 elementor-194\" data-elementor-post-type=\"page\">\n\t\t\t\t\t\t<section class=\"elementor-section elementor-top-section elementor-element elementor-element-f93d67e elementor-section-boxed elementor-section-height-default elementor-section-height-default\" data-id=\"f93d67e\" data-element_type=\"section\" data-e-type=\"section\">\n\t\t\t\t\t\t<div class=\"elementor-container elementor-column-gap-wider\">\n\t\t\t\t\t<div class=\"elementor-column elementor-col-66 elementor-top-column elementor-element elementor-element-e14a63d\" data-id=\"e14a63d\" data-element_type=\"column\" data-e-type=\"column\">\n\t\t\t<div class=\"elementor-widget-wrap elementor-element-populated\">\n\t\t\t\t\t\t<div class=\"elementor-element elementor-element-bd3059b elementor-widget elementor-widget-text-editor\" data-id=\"bd3059b\" data-element_type=\"widget\" data-e-type=\"widget\" data-widget_type=\"text-editor.default\">\n\t\t\t\t<div class=\"elementor-widget-container\">\n\t\t\t\t\t\t\t\t\t<div class=\"col-md-12\">\n<h1>Sobre nosotros<\/h1>\n<\/div>\n<div class=\"col-md-12\">\n<div class=\"row\">\n<div class=\"col-md-6\">\n<h4>La comida y la tradici\u00f3n est\u00e1n en nuestro coraz\u00f3n&#8230;.<\/h4>\n<p>Con\u00f3cenos, un grupo de tres amigos mexicanos de Canc\u00fan, cada uno dedicado a su oficio, comida, turismo y marketing. Crecer en Canc\u00fan y otros lugares les brind\u00f3 la oportunidad de trabajar en la industria hotelera..<\/p>\n<p>Al comparar y compartir sus experiencias, decidimos unirnos y compartir lo que cada uno hab\u00eda aprendido para crear CancunFoodTours.com, un proyecto cuya intenci\u00f3n es compartir una gran cosa que tienen en com\u00fan, el amor por la comida mexicana.<\/p>\n<p>Como equipo, sabemos que la comida mexicana es un regalo proporcionado por nuestros antepasados<\/p>\n<\/div>\n<div class=\"col-md-6\">\n<p>que han pasado de generaci\u00f3n en generaci\u00f3n. Creemos que este regalo ha servido como un idioma universal que ha dado forma a la cultura mexicana actual.<\/p>\n<p>Como receptores de este regalo, nuestro deber es presentarlo al mundo y usarlo como un puente para conectarnos con las personas y otras culturas usando el mismo idioma que usaron nuestros antepasados. Todos nuestros tours y experiencias han sido creados para conectarlo con los mejores alimentos, bebidas, sabores y experiencias en Canc\u00fan y en M\u00e9xico. Nuestro objetivo es presentar la comida mexicana en Canc\u00fan como una de las mejores del mundo.<\/p>\n<p><b>-Staff de Cancun Food Tours<\/b><\/p>\n<\/div>\n<\/div>\n<\/div>\n\t\t\t\t\t\t\t\t<\/div>\n\t\t\t\t<\/div>\n\t\t\t\t\t<\/div>\n\t\t<\/div>\n\t\t\t\t<div class=\"elementor-column elementor-col-33 elementor-top-column elementor-element elementor-element-e21763f\" data-id=\"e21763f\" data-element_type=\"column\" data-e-type=\"column\">\n\t\t\t<div class=\"elementor-widget-wrap\">\n\t\t\t\t\t\t\t<\/div>\n\t\t<\/div>\n\t\t\t\t\t<\/div>\n\t\t<\/section>\n\t\t\t\t<\/div>\n\t\t","protected":false},"excerpt":{"rendered":"<p>Sobre nosotros La comida y la tradici\u00f3n est\u00e1n en nuestro coraz\u00f3n&#8230;. Con\u00f3cenos, un grupo de tres amigos mexicanos de Canc\u00fan, cada uno dedicado a su oficio, comida, turismo y marketing. Crecer en Canc\u00fan y otros lugares les brind\u00f3 la oportunidad de trabajar en la industria hotelera.. Al comparar y compartir sus experiencias, decidimos unirnos y [&hellip;]<\/p>\n","protected":false},"author":1,"featured_media":0,"parent":0,"menu_order":0,"comment_status":"closed","ping_status":"closed","template":"","meta":{"footnotes":""},"class_list":["post-672","page","type-page","status-publish","hentry"],"yoast_head":"<!-- This site is optimized with the Yoast SEO plugin v27.0 - https:\/\/yoast.com\/product\/yoast-seo-wordpress\/ -->\n<title>Sobre nosotros | Cancun Food Tours<\/title>\n<meta name=\"description\" content=\"Cancunfoodtours.com es una empresa mexicana creada por amor a la comida. Descubra por qu\u00e9 nuestro equipo decidi\u00f3 embarcarse en proporcionar recorridos gastron\u00f3micos en Canc\u00fan.\" \/>\n<meta name=\"robots\" content=\"index, follow, max-snippet:-1, max-image-preview:large, max-video-preview:-1\" \/>\n<link rel=\"canonical\" href=\"https:\/\/cancunfoodtours.com\/es\/sobre-nosotros\" \/>\n<meta property=\"og:locale\" content=\"es_ES\" \/>\n<meta property=\"og:type\" content=\"article\" \/>\n<meta property=\"og:title\" content=\"Sobre nosotros | Cancun Food Tours\" \/>\n<meta property=\"og:description\" content=\"Cancunfoodtours.com es una empresa mexicana creada por amor a la comida. Descubra por qu\u00e9 nuestro equipo decidi\u00f3 embarcarse en proporcionar recorridos gastron\u00f3micos en Canc\u00fan.\" \/>\n<meta property=\"og:url\" content=\"https:\/\/cancunfoodtours.com\/es\/sobre-nosotros\" \/>\n<meta property=\"og:site_name\" content=\"Cancun Food Tours\" \/>\n<meta property=\"article:publisher\" content=\"https:\/\/www.facebook.com\/CancunFoodTour\/\" \/>\n<meta property=\"article:modified_time\" content=\"2022-09-27T16:48:34+00:00\" \/>\n<meta name=\"twitter:card\" content=\"summary_large_image\" \/>\n<meta name=\"twitter:label1\" content=\"Tiempo de lectura\" \/>\n\t<meta name=\"twitter:data1\" content=\"1 minuto\" \/>\n<script type=\"application\/ld+json\" class=\"yoast-schema-graph\">{\"@context\":\"https:\/\/schema.org\",\"@graph\":[{\"@type\":\"WebPage\",\"@id\":\"https:\/\/cancunfoodtours.com\/es\/sobre-nosotros\",\"url\":\"https:\/\/cancunfoodtours.com\/es\/sobre-nosotros\",\"name\":\"Sobre nosotros | Cancun Food Tours\",\"isPartOf\":{\"@id\":\"https:\/\/cancunfoodtours.com\/es#website\"},\"datePublished\":\"2022-07-05T08:47:01+00:00\",\"dateModified\":\"2022-09-27T16:48:34+00:00\",\"description\":\"Cancunfoodtours.com es una empresa mexicana creada por amor a la comida. Descubra por qu\u00e9 nuestro equipo decidi\u00f3 embarcarse en proporcionar recorridos gastron\u00f3micos en Canc\u00fan.\",\"breadcrumb\":{\"@id\":\"https:\/\/cancunfoodtours.com\/es\/sobre-nosotros#breadcrumb\"},\"inLanguage\":\"es\",\"potentialAction\":[{\"@type\":\"ReadAction\",\"target\":[\"https:\/\/cancunfoodtours.com\/es\/sobre-nosotros\"]}]},{\"@type\":\"BreadcrumbList\",\"@id\":\"https:\/\/cancunfoodtours.com\/es\/sobre-nosotros#breadcrumb\",\"itemListElement\":[{\"@type\":\"ListItem\",\"position\":1,\"name\":\"Home\",\"item\":\"https:\/\/cancunfoodtours.com\/es\/los-mejores-tours-gastronomicos-en-cancun-come-como-un-verdadero-local\"},{\"@type\":\"ListItem\",\"position\":2,\"name\":\"Sobre nosotros\"}]},{\"@type\":\"WebSite\",\"@id\":\"https:\/\/cancunfoodtours.com\/es#website\",\"url\":\"https:\/\/cancunfoodtours.com\/es\",\"name\":\"Cancun Food Tours\",\"description\":\"Authentic Mexican Food in Cancun\",\"publisher\":{\"@id\":\"https:\/\/cancunfoodtours.com\/es#organization\"},\"potentialAction\":[{\"@type\":\"SearchAction\",\"target\":{\"@type\":\"EntryPoint\",\"urlTemplate\":\"https:\/\/cancunfoodtours.com\/es?s={search_term_string}\"},\"query-input\":{\"@type\":\"PropertyValueSpecification\",\"valueRequired\":true,\"valueName\":\"search_term_string\"}}],\"inLanguage\":\"es\"},{\"@type\":\"Organization\",\"@id\":\"https:\/\/cancunfoodtours.com\/es#organization\",\"name\":\"Cancun Food Tours\",\"url\":\"https:\/\/cancunfoodtours.com\/es\",\"logo\":{\"@type\":\"ImageObject\",\"inLanguage\":\"es\",\"@id\":\"https:\/\/cancunfoodtours.com\/es#\/schema\/logo\/image\/\",\"url\":\"https:\/\/cancunfoodtours.com\/wp-content\/uploads\/2022\/07\/CancunFoodToursuno.png\",\"contentUrl\":\"https:\/\/cancunfoodtours.com\/wp-content\/uploads\/2022\/07\/CancunFoodToursuno.png\",\"width\":500,\"height\":176,\"caption\":\"Cancun Food Tours\"},\"image\":{\"@id\":\"https:\/\/cancunfoodtours.com\/es#\/schema\/logo\/image\/\"},\"sameAs\":[\"https:\/\/www.facebook.com\/CancunFoodTour\/\",\"https:\/\/www.youtube.com\/channel\/UCv7-nv2wDJmeKAbL9ko11RA\",\"https:\/\/www.instagram.com\/cancunfoodtours\/\",\"https:\/\/www.tripadvisor.com.mx\/Attraction_Review-g150807-d12301219-Reviews-Cancun_Food_Tours-Cancun_Yucatan_Peninsula.html\"]}]}<\/script>\n<!-- \/ Yoast SEO plugin. -->","yoast_head_json":{"title":"Sobre nosotros | Cancun Food Tours","description":"Cancunfoodtours.com es una empresa mexicana creada por amor a la comida. Descubra por qu\u00e9 nuestro equipo decidi\u00f3 embarcarse en proporcionar recorridos gastron\u00f3micos en Canc\u00fan.","robots":{"index":"index","follow":"follow","max-snippet":"max-snippet:-1","max-image-preview":"max-image-preview:large","max-video-preview":"max-video-preview:-1"},"canonical":"https:\/\/cancunfoodtours.com\/es\/sobre-nosotros","og_locale":"es_ES","og_type":"article","og_title":"Sobre nosotros | Cancun Food Tours","og_description":"Cancunfoodtours.com es una empresa mexicana creada por amor a la comida. Descubra por qu\u00e9 nuestro equipo decidi\u00f3 embarcarse en proporcionar recorridos gastron\u00f3micos en Canc\u00fan.","og_url":"https:\/\/cancunfoodtours.com\/es\/sobre-nosotros","og_site_name":"Cancun Food Tours","article_publisher":"https:\/\/www.facebook.com\/CancunFoodTour\/","article_modified_time":"2022-09-27T16:48:34+00:00","twitter_card":"summary_large_image","twitter_misc":{"Tiempo de lectura":"1 minuto"},"schema":{"@context":"https:\/\/schema.org","@graph":[{"@type":"WebPage","@id":"https:\/\/cancunfoodtours.com\/es\/sobre-nosotros","url":"https:\/\/cancunfoodtours.com\/es\/sobre-nosotros","name":"Sobre nosotros | Cancun Food Tours","isPartOf":{"@id":"https:\/\/cancunfoodtours.com\/es#website"},"datePublished":"2022-07-05T08:47:01+00:00","dateModified":"2022-09-27T16:48:34+00:00","description":"Cancunfoodtours.com es una empresa mexicana creada por amor a la comida. Descubra por qu\u00e9 nuestro equipo decidi\u00f3 embarcarse en proporcionar recorridos gastron\u00f3micos en Canc\u00fan.","breadcrumb":{"@id":"https:\/\/cancunfoodtours.com\/es\/sobre-nosotros#breadcrumb"},"inLanguage":"es","potentialAction":[{"@type":"ReadAction","target":["https:\/\/cancunfoodtours.com\/es\/sobre-nosotros"]}]},{"@type":"BreadcrumbList","@id":"https:\/\/cancunfoodtours.com\/es\/sobre-nosotros#breadcrumb","itemListElement":[{"@type":"ListItem","position":1,"name":"Home","item":"https:\/\/cancunfoodtours.com\/es\/los-mejores-tours-gastronomicos-en-cancun-come-como-un-verdadero-local"},{"@type":"ListItem","position":2,"name":"Sobre nosotros"}]},{"@type":"WebSite","@id":"https:\/\/cancunfoodtours.com\/es#website","url":"https:\/\/cancunfoodtours.com\/es","name":"Cancun Food Tours","description":"Authentic Mexican Food in Cancun","publisher":{"@id":"https:\/\/cancunfoodtours.com\/es#organization"},"potentialAction":[{"@type":"SearchAction","target":{"@type":"EntryPoint","urlTemplate":"https:\/\/cancunfoodtours.com\/es?s={search_term_string}"},"query-input":{"@type":"PropertyValueSpecification","valueRequired":true,"valueName":"search_term_string"}}],"inLanguage":"es"},{"@type":"Organization","@id":"https:\/\/cancunfoodtours.com\/es#organization","name":"Cancun Food Tours","url":"https:\/\/cancunfoodtours.com\/es","logo":{"@type":"ImageObject","inLanguage":"es","@id":"https:\/\/cancunfoodtours.com\/es#\/schema\/logo\/image\/","url":"https:\/\/cancunfoodtours.com\/wp-content\/uploads\/2022\/07\/CancunFoodToursuno.png","contentUrl":"https:\/\/cancunfoodtours.com\/wp-content\/uploads\/2022\/07\/CancunFoodToursuno.png","width":500,"height":176,"caption":"Cancun Food Tours"},"image":{"@id":"https:\/\/cancunfoodtours.com\/es#\/schema\/logo\/image\/"},"sameAs":["https:\/\/www.facebook.com\/CancunFoodTour\/","https:\/\/www.youtube.com\/channel\/UCv7-nv2wDJmeKAbL9ko11RA","https:\/\/www.instagram.com\/cancunfoodtours\/","https:\/\/www.tripadvisor.com.mx\/Attraction_Review-g150807-d12301219-Reviews-Cancun_Food_Tours-Cancun_Yucatan_Peninsula.html"]}]}},"_links":{"self":[{"href":"https:\/\/cancunfoodtours.com\/es\/wp-json\/wp\/v2\/pages\/672","targetHints":{"allow":["GET"]}}],"collection":[{"href":"https:\/\/cancunfoodtours.com\/es\/wp-json\/wp\/v2\/pages"}],"about":[{"href":"https:\/\/cancunfoodtours.com\/es\/wp-json\/wp\/v2\/types\/page"}],"author":[{"embeddable":true,"href":"https:\/\/cancunfoodtours.com\/es\/wp-json\/wp\/v2\/users\/1"}],"replies":[{"embeddable":true,"href":"https:\/\/cancunfoodtours.com\/es\/wp-json\/wp\/v2\/comments?post=672"}],"version-history":[{"count":0,"href":"https:\/\/cancunfoodtours.com\/es\/wp-json\/wp\/v2\/pages\/672\/revisions"}],"wp:attachment":[{"href":"https:\/\/cancunfoodtours.com\/es\/wp-json\/wp\/v2\/media?parent=672"}],"curies":[{"name":"wp","href":"https:\/\/api.w.org\/{rel}","templated":true}]}}