
{"id":967,"date":"2022-07-05T08:06:32","date_gmt":"2022-07-05T08:06:32","guid":{"rendered":"https:\/\/cancunfoodtours.com\/privacidad"},"modified":"2022-11-07T17:42:15","modified_gmt":"2022-11-07T17:42:15","slug":"privacidad","status":"publish","type":"page","link":"https:\/\/cancunfoodtours.com\/es\/privacidad","title":{"rendered":"Pol\u00edtica de Privacidad"},"content":{"rendered":"\n<h2 class=\"wp-block-heading\">\u00bfQu\u00e9 informaci\u00f3n recopilamos?<\/h2>\n\n<p>Recopilamos informaci\u00f3n de usted cuando necesita completar un formulario para reservar o contactar. Cuando realice un pedido en cancunfoodtours.com, es posible que le solicitemos su nombre, correo electr\u00f3nico, direcci\u00f3n, informaci\u00f3n de vuelo y n\u00famero de tel\u00e9fono. Nuestras transacciones se realizan a trav\u00e9s de PayPal y la informaci\u00f3n se maneja dentro de su sistema, no manejamos ni guardamos ninguna informaci\u00f3n de facturaci\u00f3n. Sin embargo, puede visitar nuestro sitio de forma an\u00f3nima.<\/p>\n\n<p>Google, como proveedor externo, utiliza cookies para publicar anuncios en su sitio. El uso que hace Google de la cookie de DART le permite mostrar anuncios a sus usuarios en funci\u00f3n de sus visitas a sus sitios y otros sitios en Internet. Los usuarios pueden optar por no utilizar la cookie de DART visitando la pol\u00edtica de privacidad de la red de anuncios y contenido de Google.<\/p>\n\n<h2 class=\"wp-block-heading\">\u00bfPara qu\u00e9 utilizamos su informaci\u00f3n?<\/h2>\n\n<p>Cualquiera de la informaci\u00f3n que recopilamos de usted puede ser utilizada de las siguientes maneras:<\/p>\n\n<ul class=\"wp-block-list\"><li>Para personalizar su experiencia de navegaci\u00f3n dentro de cancunfoodtours.com<\/li><li>Para mejorar nuestro sitio web<\/li><li>Para procesar transacciones<\/li><li>Para enviar correos electr\u00f3nicos peri\u00f3dicos<\/li><li>Para mejorar el servicio al cliente<\/li><\/ul>\n\n<p>Su informaci\u00f3n nunca ser\u00e1 vendida, intercambiada, transferida o entregada a ninguna otra compa\u00f1\u00eda por ning\u00fan motivo.<\/p>\n\n<h2 class=\"wp-block-heading\">\u00bfC\u00f3mo protegemos tu informaci\u00f3n?<\/h2>\n\n<p>Para proteger su informaci\u00f3n, ofrecemos el uso de un servidor seguro. Toda la informaci\u00f3n confidencial\/crediticia suministrada se transmite a trav\u00e9s de Secure Socket Layer (SSL) con derechos especiales de acceso a dichos sistemas. Al realizar una transacci\u00f3n, su informaci\u00f3n de facturaci\u00f3n e informaci\u00f3n privada nunca se almacenan en nuestros servidores.<\/p>\n\n<h2 class=\"wp-block-heading\">\u00bfUsamos cookies?<\/h2>\n\n<p>Para que este sitio funcione correctamente, a veces colocamos peque\u00f1os archivos de datos llamados cookies en su dispositivo. La mayor\u00eda de los grandes sitios web tambi\u00e9n lo hacen<\/p>\n\n<h2 class=\"wp-block-heading\">\u00bfQu\u00e9 son las galletas?<\/h2>\n\n<p>Una cookie es un peque\u00f1o archivo de texto que un sitio web guarda en su computadora o dispositivo m\u00f3vil cuando visita el sitio. Permite que el sitio web recuerde sus acciones y preferencias (como inicio de sesi\u00f3n, idioma, tama\u00f1o de fuente y otras preferencias de visualizaci\u00f3n) durante un per\u00edodo de tiempo, para que no tenga que volver a ingresarlas cada vez que regrese al sitio o navegar de una p\u00e1gina a otra.<\/p>\n\n<h2 class=\"wp-block-heading\">\u00bfC\u00f3mo usamos las cookies?<\/h2>\n\n<p>cancunfoodtours.com utiliza Google Analytics, un servicio de an\u00e1lisis web proporcionado por Google, Inc. (\u00abGoogle\u00bb). Google Analytics utiliza \u00abcookies\u00bb, que son archivos de texto ubicados en su computadora, para ayudar al sitio web a analizar c\u00f3mo los usuarios usan el sitio. La informaci\u00f3n que genera la cookie acerca de su uso del sitio web (incluyendo su direcci\u00f3n IP) ser\u00e1 transmitida y archivada por Google en los servidores de Estados Unidos. Google utilizar\u00e1 esta informaci\u00f3n con el fin de evaluar su uso del sitio web, compilar informes sobre la actividad del sitio web para los operadores del sitio web y proporcionar otros servicios relacionados con la actividad del sitio web y el uso de Internet. Google tambi\u00e9n puede transferir esta informaci\u00f3n a terceros cuando as\u00ed se lo requiera la ley, o cuando dichos terceros procesen la informaci\u00f3n en nombre de Google.<br\/>Google no asociar\u00e1 su direcci\u00f3n IP con ning\u00fan otro dato del que disponga Google. Puede rechazar el uso de cookies seleccionando la configuraci\u00f3n apropiada en su navegador, sin embargo, tenga en cuenta que si hace esto, es posible que no pueda usar la funcionalidad completa de este sitio web. Al utilizar este sitio web, consientes el tratamiento de datos sobre ti por parte de Google en la forma y para los fines arriba indicados.<\/p>\n\n<h2 class=\"wp-block-heading\">\u00bfC\u00f3mo controlar las cookies?<\/h2>\n\n<p>Puede controlar y\/o eliminar las cookies como desee; para obtener m\u00e1s informaci\u00f3n, consulte AllAboutCookies.org. Puede eliminar todas las cookies que ya est\u00e1n en su computadora y puede configurar la mayor\u00eda de los navegadores para evitar que se coloquen. Sin embargo, si hace esto, es posible que deba ajustar manualmente algunas preferencias cada vez que visite un sitio y es posible que algunos servicios y, funcionalidades no funcionen.<\/p>\n\n<h2 class=\"wp-block-heading\">\u00bfDivulgamos informaci\u00f3n con terceros?<\/h2>\n\n<p>No, cancunfoodtours.com no vende, intercambia ni transfiere ninguna informaci\u00f3n personal a nadie. Esto no incluye a los terceros de confianza que nos ayudan a operar nuestro sitio web, llevar a cabo nuestro negocio o prestarle servicios, siempre que esas partes acuerden mantener esta informaci\u00f3n confidencial.<br\/>Tambi\u00e9n podemos divulgar su informaci\u00f3n cuando creamos que es apropiada para cumplir con la ley, hacer cumplir las pol\u00edticas de nuestro sitio o proteger nuestros derechos, propiedad o seguridad, entre otros. Sin embargo, la informaci\u00f3n del visitante no identificable personalmente, se puede proporcionar a otras partes para marketing, publicidad u otros usos.<\/p>\n\n<h2 class=\"wp-block-heading\">Retenci\u00f3n de su informaci\u00f3n<\/h2>\n\n<p>Solo conservaremos sus datos personales durante el tiempo que sea necesario para cumplir con los fines para los que los recopilamos, incluso para cumplir con los requisitos legales, contables o de informes.<\/p>\n\n<p>Para determinar el per\u00edodo de retenci\u00f3n apropiado para los datos personales, consideramos la cantidad, la naturaleza y la confidencialidad de los datos personales, el riesgo potencial de da\u00f1o por el uso no autorizado o la divulgaci\u00f3n de sus datos personales, los fines para los que procesamos sus datos personales y si podemos lograr esos prop\u00f3sitos a trav\u00e9s de otros medios, y los requisitos legales aplicables.<\/p>\n\n<p>En algunas circunstancias, podemos anonimizar sus datos personales (para que ya no puedan asociarse con usted) con fines de investigaci\u00f3n o estad\u00edsticos, en cuyo caso podemos usar esta informaci\u00f3n indefinidamente sin previo aviso.<\/p>\n\n<h2 class=\"wp-block-heading\">Cambios en nuestra pol\u00edtica de privacidad<\/h2>\n\n<p>Si decidimos cambiar nuestra pol\u00edtica de privacidad, publicaremos esos cambios en esta p\u00e1gina.<\/p>\n","protected":false},"excerpt":{"rendered":"<p>\u00bfQu\u00e9 informaci\u00f3n recopilamos? Recopilamos informaci\u00f3n de usted cuando necesita completar un formulario para reservar o contactar. Cuando realice un pedido en cancunfoodtours.com, es posible que le solicitemos su nombre, correo electr\u00f3nico, direcci\u00f3n, informaci\u00f3n de vuelo y n\u00famero de tel\u00e9fono. Nuestras transacciones se realizan a trav\u00e9s de PayPal y la informaci\u00f3n se maneja dentro de su [&hellip;]<\/p>\n","protected":false},"author":1,"featured_media":0,"parent":0,"menu_order":0,"comment_status":"closed","ping_status":"closed","template":"","meta":{"footnotes":""},"class_list":["post-967","page","type-page","status-publish","hentry"],"yoast_head":"<!-- This site is optimized with the Yoast SEO plugin v27.0 - https:\/\/yoast.com\/product\/yoast-seo-wordpress\/ -->\n<title>Pol\u00edtica de Privacidad | Cancun Food Tours<\/title>\n<meta name=\"robots\" content=\"index, follow, max-snippet:-1, max-image-preview:large, max-video-preview:-1\" \/>\n<link rel=\"canonical\" href=\"https:\/\/cancunfoodtours.com\/es\/privacidad\" \/>\n<meta property=\"og:locale\" content=\"es_ES\" \/>\n<meta property=\"og:type\" content=\"article\" \/>\n<meta property=\"og:title\" content=\"Pol\u00edtica de Privacidad | Cancun Food Tours\" \/>\n<meta property=\"og:description\" content=\"\u00bfQu\u00e9 informaci\u00f3n recopilamos? Recopilamos informaci\u00f3n de usted cuando necesita completar un formulario para reservar o contactar. Cuando realice un pedido en cancunfoodtours.com, es posible que le solicitemos su nombre, correo electr\u00f3nico, direcci\u00f3n, informaci\u00f3n de vuelo y n\u00famero de tel\u00e9fono. Nuestras transacciones se realizan a trav\u00e9s de PayPal y la informaci\u00f3n se maneja dentro de su [&hellip;]\" \/>\n<meta property=\"og:url\" content=\"https:\/\/cancunfoodtours.com\/es\/privacidad\" \/>\n<meta property=\"og:site_name\" content=\"Cancun Food Tours\" \/>\n<meta property=\"article:publisher\" content=\"https:\/\/www.facebook.com\/CancunFoodTour\/\" \/>\n<meta property=\"article:modified_time\" content=\"2022-11-07T17:42:15+00:00\" \/>\n<meta name=\"twitter:card\" content=\"summary_large_image\" \/>\n<meta name=\"twitter:label1\" content=\"Tiempo de lectura\" \/>\n\t<meta name=\"twitter:data1\" content=\"5 minutos\" \/>\n<script type=\"application\/ld+json\" class=\"yoast-schema-graph\">{\"@context\":\"https:\/\/schema.org\",\"@graph\":[{\"@type\":\"WebPage\",\"@id\":\"https:\/\/cancunfoodtours.com\/es\/privacidad\",\"url\":\"https:\/\/cancunfoodtours.com\/es\/privacidad\",\"name\":\"Pol\u00edtica de Privacidad | Cancun Food Tours\",\"isPartOf\":{\"@id\":\"https:\/\/cancunfoodtours.com\/es#website\"},\"datePublished\":\"2022-07-05T08:06:32+00:00\",\"dateModified\":\"2022-11-07T17:42:15+00:00\",\"breadcrumb\":{\"@id\":\"https:\/\/cancunfoodtours.com\/es\/privacidad#breadcrumb\"},\"inLanguage\":\"es\",\"potentialAction\":[{\"@type\":\"ReadAction\",\"target\":[\"https:\/\/cancunfoodtours.com\/es\/privacidad\"]}]},{\"@type\":\"BreadcrumbList\",\"@id\":\"https:\/\/cancunfoodtours.com\/es\/privacidad#breadcrumb\",\"itemListElement\":[{\"@type\":\"ListItem\",\"position\":1,\"name\":\"Home\",\"item\":\"https:\/\/cancunfoodtours.com\/es\/los-mejores-tours-gastronomicos-en-cancun-come-como-un-verdadero-local\"},{\"@type\":\"ListItem\",\"position\":2,\"name\":\"Pol\u00edtica de Privacidad\"}]},{\"@type\":\"WebSite\",\"@id\":\"https:\/\/cancunfoodtours.com\/es#website\",\"url\":\"https:\/\/cancunfoodtours.com\/es\",\"name\":\"Cancun Food Tours\",\"description\":\"Authentic Mexican Food in Cancun\",\"publisher\":{\"@id\":\"https:\/\/cancunfoodtours.com\/es#organization\"},\"potentialAction\":[{\"@type\":\"SearchAction\",\"target\":{\"@type\":\"EntryPoint\",\"urlTemplate\":\"https:\/\/cancunfoodtours.com\/es?s={search_term_string}\"},\"query-input\":{\"@type\":\"PropertyValueSpecification\",\"valueRequired\":true,\"valueName\":\"search_term_string\"}}],\"inLanguage\":\"es\"},{\"@type\":\"Organization\",\"@id\":\"https:\/\/cancunfoodtours.com\/es#organization\",\"name\":\"Cancun Food Tours\",\"url\":\"https:\/\/cancunfoodtours.com\/es\",\"logo\":{\"@type\":\"ImageObject\",\"inLanguage\":\"es\",\"@id\":\"https:\/\/cancunfoodtours.com\/es#\/schema\/logo\/image\/\",\"url\":\"https:\/\/cancunfoodtours.com\/wp-content\/uploads\/2022\/07\/CancunFoodToursuno.png\",\"contentUrl\":\"https:\/\/cancunfoodtours.com\/wp-content\/uploads\/2022\/07\/CancunFoodToursuno.png\",\"width\":500,\"height\":176,\"caption\":\"Cancun Food Tours\"},\"image\":{\"@id\":\"https:\/\/cancunfoodtours.com\/es#\/schema\/logo\/image\/\"},\"sameAs\":[\"https:\/\/www.facebook.com\/CancunFoodTour\/\",\"https:\/\/www.youtube.com\/channel\/UCv7-nv2wDJmeKAbL9ko11RA\",\"https:\/\/www.instagram.com\/cancunfoodtours\/\",\"https:\/\/www.tripadvisor.com.mx\/Attraction_Review-g150807-d12301219-Reviews-Cancun_Food_Tours-Cancun_Yucatan_Peninsula.html\"]}]}<\/script>\n<!-- \/ Yoast SEO plugin. -->","yoast_head_json":{"title":"Pol\u00edtica de Privacidad | Cancun Food Tours","robots":{"index":"index","follow":"follow","max-snippet":"max-snippet:-1","max-image-preview":"max-image-preview:large","max-video-preview":"max-video-preview:-1"},"canonical":"https:\/\/cancunfoodtours.com\/es\/privacidad","og_locale":"es_ES","og_type":"article","og_title":"Pol\u00edtica de Privacidad | Cancun Food Tours","og_description":"\u00bfQu\u00e9 informaci\u00f3n recopilamos? Recopilamos informaci\u00f3n de usted cuando necesita completar un formulario para reservar o contactar. Cuando realice un pedido en cancunfoodtours.com, es posible que le solicitemos su nombre, correo electr\u00f3nico, direcci\u00f3n, informaci\u00f3n de vuelo y n\u00famero de tel\u00e9fono. Nuestras transacciones se realizan a trav\u00e9s de PayPal y la informaci\u00f3n se maneja dentro de su [&hellip;]","og_url":"https:\/\/cancunfoodtours.com\/es\/privacidad","og_site_name":"Cancun Food Tours","article_publisher":"https:\/\/www.facebook.com\/CancunFoodTour\/","article_modified_time":"2022-11-07T17:42:15+00:00","twitter_card":"summary_large_image","twitter_misc":{"Tiempo de lectura":"5 minutos"},"schema":{"@context":"https:\/\/schema.org","@graph":[{"@type":"WebPage","@id":"https:\/\/cancunfoodtours.com\/es\/privacidad","url":"https:\/\/cancunfoodtours.com\/es\/privacidad","name":"Pol\u00edtica de Privacidad | Cancun Food Tours","isPartOf":{"@id":"https:\/\/cancunfoodtours.com\/es#website"},"datePublished":"2022-07-05T08:06:32+00:00","dateModified":"2022-11-07T17:42:15+00:00","breadcrumb":{"@id":"https:\/\/cancunfoodtours.com\/es\/privacidad#breadcrumb"},"inLanguage":"es","potentialAction":[{"@type":"ReadAction","target":["https:\/\/cancunfoodtours.com\/es\/privacidad"]}]},{"@type":"BreadcrumbList","@id":"https:\/\/cancunfoodtours.com\/es\/privacidad#breadcrumb","itemListElement":[{"@type":"ListItem","position":1,"name":"Home","item":"https:\/\/cancunfoodtours.com\/es\/los-mejores-tours-gastronomicos-en-cancun-come-como-un-verdadero-local"},{"@type":"ListItem","position":2,"name":"Pol\u00edtica de Privacidad"}]},{"@type":"WebSite","@id":"https:\/\/cancunfoodtours.com\/es#website","url":"https:\/\/cancunfoodtours.com\/es","name":"Cancun Food Tours","description":"Authentic Mexican Food in Cancun","publisher":{"@id":"https:\/\/cancunfoodtours.com\/es#organization"},"potentialAction":[{"@type":"SearchAction","target":{"@type":"EntryPoint","urlTemplate":"https:\/\/cancunfoodtours.com\/es?s={search_term_string}"},"query-input":{"@type":"PropertyValueSpecification","valueRequired":true,"valueName":"search_term_string"}}],"inLanguage":"es"},{"@type":"Organization","@id":"https:\/\/cancunfoodtours.com\/es#organization","name":"Cancun Food Tours","url":"https:\/\/cancunfoodtours.com\/es","logo":{"@type":"ImageObject","inLanguage":"es","@id":"https:\/\/cancunfoodtours.com\/es#\/schema\/logo\/image\/","url":"https:\/\/cancunfoodtours.com\/wp-content\/uploads\/2022\/07\/CancunFoodToursuno.png","contentUrl":"https:\/\/cancunfoodtours.com\/wp-content\/uploads\/2022\/07\/CancunFoodToursuno.png","width":500,"height":176,"caption":"Cancun Food Tours"},"image":{"@id":"https:\/\/cancunfoodtours.com\/es#\/schema\/logo\/image\/"},"sameAs":["https:\/\/www.facebook.com\/CancunFoodTour\/","https:\/\/www.youtube.com\/channel\/UCv7-nv2wDJmeKAbL9ko11RA","https:\/\/www.instagram.com\/cancunfoodtours\/","https:\/\/www.tripadvisor.com.mx\/Attraction_Review-g150807-d12301219-Reviews-Cancun_Food_Tours-Cancun_Yucatan_Peninsula.html"]}]}},"_links":{"self":[{"href":"https:\/\/cancunfoodtours.com\/es\/wp-json\/wp\/v2\/pages\/967","targetHints":{"allow":["GET"]}}],"collection":[{"href":"https:\/\/cancunfoodtours.com\/es\/wp-json\/wp\/v2\/pages"}],"about":[{"href":"https:\/\/cancunfoodtours.com\/es\/wp-json\/wp\/v2\/types\/page"}],"author":[{"embeddable":true,"href":"https:\/\/cancunfoodtours.com\/es\/wp-json\/wp\/v2\/users\/1"}],"replies":[{"embeddable":true,"href":"https:\/\/cancunfoodtours.com\/es\/wp-json\/wp\/v2\/comments?post=967"}],"version-history":[{"count":0,"href":"https:\/\/cancunfoodtours.com\/es\/wp-json\/wp\/v2\/pages\/967\/revisions"}],"wp:attachment":[{"href":"https:\/\/cancunfoodtours.com\/es\/wp-json\/wp\/v2\/media?parent=967"}],"curies":[{"name":"wp","href":"https:\/\/api.w.org\/{rel}","templated":true}]}}